{"id":12740,"date":"2016-12-29T10:10:33","date_gmt":"2016-12-29T10:10:33","guid":{"rendered":"http:\/\/www.newfarms.it\/?page_id=12740"},"modified":"2018-04-23T09:26:11","modified_gmt":"2018-04-23T09:26:11","slug":"testimonianze","status":"publish","type":"page","link":"https:\/\/www.newfarms.it\/?page_id=12740","title":{"rendered":"Testimonianze"},"content":{"rendered":"<p>[et_pb_section admin_label=&#8221;Sezione&#8221; fullwidth=&#8221;on&#8221; specialty=&#8221;off&#8221; background_image=&#8221;http:\/\/www.newfarms.it\/wp-content\/uploads\/2016\/08\/New-Farms-azienda-ok.jpg&#8221; transparent_background=&#8221;off&#8221; allow_player_pause=&#8221;off&#8221; inner_shadow=&#8221;off&#8221; parallax=&#8221;off&#8221; parallax_method=&#8221;off&#8221; padding_mobile=&#8221;off&#8221; make_fullwidth=&#8221;off&#8221; use_custom_width=&#8221;off&#8221; width_unit=&#8221;on&#8221; make_equal=&#8221;off&#8221; use_custom_gutter=&#8221;off&#8221; background_color=&#8221;#ffffff&#8221;][et_pb_fullwidth_post_title admin_label=&#8221;Titolo Post a Larghezza Intera&#8221; title=&#8221;on&#8221; meta=&#8221;off&#8221; author=&#8221;on&#8221; date=&#8221;on&#8221; categories=&#8221;on&#8221; comments=&#8221;on&#8221; featured_image=&#8221;off&#8221; featured_placement=&#8221;below&#8221; parallax_effect=&#8221;on&#8221; parallax_method=&#8221;on&#8221; text_orientation=&#8221;center&#8221; text_color=&#8221;light&#8221; text_background=&#8221;off&#8221; text_bg_color=&#8221;rgba(255,255,255,0.9)&#8221; module_bg_color=&#8221;rgba(255,255,255,0)&#8221; title_all_caps=&#8221;off&#8221; use_border_color=&#8221;off&#8221; border_color=&#8221;#ffffff&#8221; border_style=&#8221;solid&#8221;] [\/et_pb_fullwidth_post_title][\/et_pb_section][et_pb_section admin_label=&#8221;section&#8221;][et_pb_row admin_label=&#8221;row&#8221;][et_pb_column type=&#8221;1_2&#8243;][et_pb_image admin_label=&#8221;Immagine&#8221; src=&#8221;http:\/\/www.newfarms.it\/wp-content\/uploads\/2016\/12\/Pastorello-01-kompress.jpg&#8221; show_in_lightbox=&#8221;off&#8221; url_new_window=&#8221;off&#8221; use_overlay=&#8221;off&#8221; animation=&#8221;left&#8221; sticky=&#8221;off&#8221; align=&#8221;left&#8221; force_fullwidth=&#8221;off&#8221; always_center_on_mobile=&#8221;on&#8221; use_border_color=&#8221;off&#8221; border_color=&#8221;#ffffff&#8221; border_style=&#8221;solid&#8221;] [\/et_pb_image][\/et_pb_column][et_pb_column type=&#8221;1_2&#8243;][et_pb_text admin_label=&#8221;Testo&#8221; background_layout=&#8221;light&#8221; text_orientation=&#8221;justified&#8221; use_border_color=&#8221;off&#8221; border_color=&#8221;#ffffff&#8221; border_style=&#8221;solid&#8221;]<\/p>\n<p style=\"text-align: justify;\">Siamo stati tra i primi in Italia ad installare il <span style=\"text-decoration: underline;\">Blister<\/span> circa 9 anni fa, perci\u00f2 possiamo fornire una testimonianza importante. Non di pochi mesi. Quando qualcuno viene a visitarci io dico sempre di guardare i garretti e di non guardare i <span style=\"text-decoration: underline;\">Blister<\/span>. Io dico di guardare se le vacche sono coricate o meno e come fanno ad alzarsi. Io vado in tante altre stalle e vedo sempre i garretti degli animali rovinati. Tu guarda sempre i garretti degli animali e non chi ti spiega. Qui non c&#8217;\u00e8 una vacca che abbia i garretti rovinati. Tu non vedi i lividi, non vedi le vacche sofferenti e questa \u00e8 la cosa pi\u00f9 importante.<br \/>\nPosso parlare solo che bene dei <span style=\"text-decoration: underline;\">Blister<\/span>.\u00a0Abbiamo una zona della stalla dove non ci sono i <span style=\"text-decoration: underline;\">Blister<\/span> e purtroppo dobbiamo dividere gli animali: mettiamo le vacche grosse sui <span style=\"text-decoration: underline;\">Blister<\/span>, mentre le manze primipare sulle cuccette normali. Se facciamo il contrario per le vacche \u00e8 un disastro, non riescono ad alzarsi! La cuccetta normale fa la conca, non c&#8217;\u00e8 nulla da fare! Le vacche vanno sui <span style=\"text-decoration: underline;\">Blister<\/span> perch\u00e9 altrimenti non si alzano.<br \/>\nIn 9 anni non abbiamo mai rimesso la sabbia dentro il materasso, mai. Lo abbiamo fatto all&#8217;inizio e poi il mese scorso. \u00c8 quasi una settimana che non rifacciamo la lettiera sul materasso e perci\u00f2 oggi rimettiamo la paglia.<br \/>\nAbbiamo una cuccetta a testa e gli animali rimangono coricati per almeno 11 ore. Stanno bene e sono tranquilli.<\/p>\n<p>Davide e Franceso Pastorello<br \/>\nSociet\u00e0 Ponticella &#8211; Mariana Mantovana (MN)<\/p>\n<p>[\/et_pb_text][\/et_pb_column][\/et_pb_row][\/et_pb_section][et_pb_section admin_label=&#8221;section&#8221;][et_pb_row admin_label=&#8221;row&#8221;][et_pb_column type=&#8221;1_2&#8243;][et_pb_image admin_label=&#8221;Immagine&#8221; src=&#8221;http:\/\/www.newfarms.it\/wp-content\/uploads\/2016\/12\/Ramazzotti-01-kompress.jpg&#8221; show_in_lightbox=&#8221;off&#8221; url_new_window=&#8221;off&#8221; use_overlay=&#8221;off&#8221; animation=&#8221;left&#8221; sticky=&#8221;off&#8221; align=&#8221;left&#8221; force_fullwidth=&#8221;off&#8221; always_center_on_mobile=&#8221;on&#8221; use_border_color=&#8221;off&#8221; border_color=&#8221;#ffffff&#8221; border_style=&#8221;solid&#8221;] [\/et_pb_image][\/et_pb_column][et_pb_column type=&#8221;1_2&#8243;][et_pb_text admin_label=&#8221;Testo&#8221; background_layout=&#8221;light&#8221; text_orientation=&#8221;justified&#8221; use_border_color=&#8221;off&#8221; border_color=&#8221;#ffffff&#8221; border_style=&#8221;solid&#8221;]<\/p>\n<p style=\"text-align: justify;\">Per noi <span style=\"text-decoration: underline;\">Blister<\/span> \u00e8 sinonimo di comfort. Nel momento in cui abbiamo installato il prodotto in stalla abbiamo risolto tutta una serie di problematiche concernenti i danni fisici degli animali.<br \/>\nAbbiamo notato il piacere che hanno gli animali nel rimanere pi\u00f9 a lungo all&#8217;interno delle cuccette; oggi, infatti, rimangono a riposo circa 11 ore &#8211; ed abbiamo i podometri che ce lo dimostrano &#8211; il che vuol dire circa un&#8217;ora e mezza in pi\u00f9 rispetto a prima. Ci sono momenti nell&#8217;arco della giornata in cui non hai cuccette libere.<\/p>\n<p>Luca Ramazzotti<br \/>\nSociet\u00e0 Agricola Cascina Sei Ore &#8211; Remedello (BS)<\/p>\n<p>[\/et_pb_text][\/et_pb_column][\/et_pb_row][\/et_pb_section][et_pb_section admin_label=&#8221;section&#8221;][et_pb_row admin_label=&#8221;row&#8221;][et_pb_column type=&#8221;1_2&#8243;][et_pb_image admin_label=&#8221;Immagine&#8221; src=&#8221;http:\/\/www.newfarms.it\/wp-content\/uploads\/2016\/12\/Fisch-01-kompress.jpg&#8221; show_in_lightbox=&#8221;off&#8221; url_new_window=&#8221;off&#8221; use_overlay=&#8221;off&#8221; animation=&#8221;left&#8221; sticky=&#8221;off&#8221; align=&#8221;left&#8221; force_fullwidth=&#8221;off&#8221; always_center_on_mobile=&#8221;on&#8221; use_border_color=&#8221;off&#8221; border_color=&#8221;#ffffff&#8221; border_style=&#8221;solid&#8221;] [\/et_pb_image][\/et_pb_column][et_pb_column type=&#8221;1_2&#8243;][et_pb_text admin_label=&#8221;Testo&#8221; background_layout=&#8221;light&#8221; text_orientation=&#8221;justified&#8221; use_border_color=&#8221;off&#8221; border_color=&#8221;#ffffff&#8221; border_style=&#8221;solid&#8221;]<\/p>\n<p style=\"text-align: justify;\">Siamo tra le prime aziende in Baviera a provare il sistema <span style=\"text-decoration: underline;\">Blister-Sandbettmatten<\/span> per le nostre vacche da latte e siamo contentissimi. Da un anno e mezzo usiamo i <span style=\"text-decoration: underline;\">Blister-Sandbettmatten<\/span> per le nostre vacche delle razze pezzata rossa tedesca e holsteins con ottimo gradimento da parte loro e con una buonissima situazione di pelliccia e garetti.<br \/>\nGrazie all&#8217;impiego della sabbia come lettiera abbiamo un buonissimo tempo di riposo tra le 11 e 12 ore, il che \u00e8 perfetto anche nel periodo problematico della piena estate &#8211; che pure qui in Germania ha raggiunto i 35 gradi come l&#8217;anno scorso.<br \/>\nLa migliore prova della mia soddisfazione \u00e8 l\u00b4acquisto di altri 24 pezzi <span style=\"text-decoration: underline;\">Blister-Sandbettmatten<\/span> per la nuova costruzione annessa alla stalla. Dato che abbiamo anche un impianto di biogas, per noi era fondamentale che la sabbia, un po&#8217; argillosa come quella che abbiamo messo in cuccetta, rimanesse l\u00ec ferma.<br \/>\nPer la manutenzione sopra i <span style=\"text-decoration: underline;\">Blister<\/span> usiamo glumella di farro con ottima aridit\u00e0.<\/p>\n<p style=\"text-align: justify;\">Wolfgang e Christine Fisch<br \/>\nLaurea: Agronomo<br \/>\nArea coltivata: 100 ettari<br \/>\nAttualmente 80 vacche in mungitura<br \/>\nImpianto Biogas: 230kW<\/p>\n<p style=\"text-align: justify;\">Azienda Agricola\u00a0Wolfgang FISCH<br \/>\n94136 Thyrnau &#8211;\u00a0Bassa Baviera (Germania)<\/p>\n<p>[\/et_pb_text][\/et_pb_column][\/et_pb_row][\/et_pb_section][et_pb_section admin_label=&#8221;section&#8221;][et_pb_row admin_label=&#8221;row&#8221;][et_pb_column type=&#8221;1_2&#8243;][et_pb_image admin_label=&#8221;Immagine&#8221; src=&#8221;http:\/\/www.newfarms.it\/wp-content\/uploads\/2016\/12\/Harmin.png&#8221; show_in_lightbox=&#8221;off&#8221; url_new_window=&#8221;off&#8221; use_overlay=&#8221;off&#8221; animation=&#8221;left&#8221; sticky=&#8221;off&#8221; align=&#8221;left&#8221; force_fullwidth=&#8221;off&#8221; always_center_on_mobile=&#8221;on&#8221; use_border_color=&#8221;off&#8221; border_color=&#8221;#ffffff&#8221; border_style=&#8221;solid&#8221;] [\/et_pb_image][\/et_pb_column][et_pb_column type=&#8221;1_2&#8243;][et_pb_text admin_label=&#8221;Testo&#8221; background_layout=&#8221;light&#8221; text_orientation=&#8221;justified&#8221; use_border_color=&#8221;off&#8221; border_color=&#8221;#ffffff&#8221; border_style=&#8221;solid&#8221;]<\/p>\n<p style=\"text-align: justify;\">Durante un viaggio in Italia verso la fine del 2015 ho avuto occasione di vedere il sistema <span style=\"text-decoration: underline;\">Blister-Sandbettmatten<\/span> in uso presso alcune aziende per l\u2019allevamento delle vacche da latte; e ne sono rimasto entusiasta e convinto. Successivamente ho effettuato un test con 7 pezzi <span style=\"text-decoration: underline;\">Blister-Sandbettmatten<\/span> presso la mia stalla sistemando il prodotto nelle cuccette fonde e ricoprendo tutto con segatura sopra la sabbia. Ho avuto la conferma di ci\u00f2 che mi aspettavo in merito al riposo degli animali, in merito al fatto che questi erano super puliti e riguardo al minor lavoro nella gestione delle cuccette. I risultati positivi mi hanno indubbiamente spinto a fare altri investimenti per ammodernare il resto dello spazio della mandria con altri 75 <span style=\"text-decoration: underline;\">Blister-Sandbettmatten<\/span>. Un investimento che \u00e8 stato ripagato gi\u00e0 molte volte sotto forma di aumento del benessere animale e minor lavoro nella gestione delle cuccette.<\/p>\n<p>Armin H\u00f6genauer<br \/>\nCascina Armin H\u00f6genauer<br \/>\n86931 Winkl \u2013 Alta Baviera &#8211; Germania<br \/>\nAttualmente 95 vacche in mungitura<\/p>\n<p>[\/et_pb_text][\/et_pb_column][\/et_pb_row][\/et_pb_section]<\/p>\n","protected":false},"excerpt":{"rendered":"<p>Siamo stati tra i primi in Italia ad installare il Blister circa 9 anni fa, perci\u00f2 possiamo fornire una testimonianza importante. Non di pochi mesi. Quando qualcuno viene a visitarci io dico sempre di guardare i garretti e di non guardare i Blister. Io dico di guardare se le vacche sono coricate o meno e [&hellip;]<\/p>\n","protected":false},"author":3,"featured_media":0,"parent":0,"menu_order":0,"comment_status":"closed","ping_status":"closed","template":"","meta":{"_et_pb_use_builder":"on","_et_pb_old_content":"","_et_gb_content_width":"","jetpack_post_was_ever_published":false,"footnotes":""},"class_list":["post-12740","page","type-page","status-publish","hentry"],"jetpack_sharing_enabled":true,"jetpack_shortlink":"https:\/\/wp.me\/P8bcOk-3ju","_links":{"self":[{"href":"https:\/\/www.newfarms.it\/index.php?rest_route=\/wp\/v2\/pages\/12740","targetHints":{"allow":["GET"]}}],"collection":[{"href":"https:\/\/www.newfarms.it\/index.php?rest_route=\/wp\/v2\/pages"}],"about":[{"href":"https:\/\/www.newfarms.it\/index.php?rest_route=\/wp\/v2\/types\/page"}],"author":[{"embeddable":true,"href":"https:\/\/www.newfarms.it\/index.php?rest_route=\/wp\/v2\/users\/3"}],"replies":[{"embeddable":true,"href":"https:\/\/www.newfarms.it\/index.php?rest_route=%2Fwp%2Fv2%2Fcomments&post=12740"}],"version-history":[{"count":13,"href":"https:\/\/www.newfarms.it\/index.php?rest_route=\/wp\/v2\/pages\/12740\/revisions"}],"predecessor-version":[{"id":13439,"href":"https:\/\/www.newfarms.it\/index.php?rest_route=\/wp\/v2\/pages\/12740\/revisions\/13439"}],"wp:attachment":[{"href":"https:\/\/www.newfarms.it\/index.php?rest_route=%2Fwp%2Fv2%2Fmedia&parent=12740"}],"curies":[{"name":"wp","href":"https:\/\/api.w.org\/{rel}","templated":true}]}}