{"id":12953,"date":"2016-08-03T16:24:17","date_gmt":"2016-08-03T14:24:17","guid":{"rendered":"http:\/\/www.newfarms.it\/?page_id=12953&#038;lang=de"},"modified":"2018-10-16T08:27:27","modified_gmt":"2018-10-16T08:27:27","slug":"about-us","status":"publish","type":"page","link":"https:\/\/www.newfarms.it\/?page_id=12953&lang=de","title":{"rendered":"Firmengeschichte"},"content":{"rendered":"<p>[et_pb_section admin_label=&#8221;Sezione&#8221; fullwidth=&#8221;on&#8221; specialty=&#8221;off&#8221; background_image=&#8221;http:\/\/www.newfarms.it\/wp-content\/uploads\/2016\/08\/New-Farms-azienda-ok.jpg&#8221; transparent_background=&#8221;off&#8221; allow_player_pause=&#8221;off&#8221; inner_shadow=&#8221;off&#8221; parallax=&#8221;off&#8221; parallax_method=&#8221;off&#8221; padding_mobile=&#8221;off&#8221; make_fullwidth=&#8221;off&#8221; use_custom_width=&#8221;off&#8221; width_unit=&#8221;on&#8221; make_equal=&#8221;off&#8221; use_custom_gutter=&#8221;off&#8221; background_color=&#8221;#ffffff&#8221;][et_pb_fullwidth_post_title admin_label=&#8221;Titolo Post a Larghezza Intera&#8221; title=&#8221;on&#8221; meta=&#8221;off&#8221; author=&#8221;on&#8221; date=&#8221;on&#8221; categories=&#8221;on&#8221; comments=&#8221;on&#8221; featured_image=&#8221;off&#8221; featured_placement=&#8221;below&#8221; parallax_effect=&#8221;on&#8221; parallax_method=&#8221;on&#8221; text_orientation=&#8221;center&#8221; text_color=&#8221;light&#8221; text_background=&#8221;off&#8221; text_bg_color=&#8221;rgba(255,255,255,0.9)&#8221; module_bg_color=&#8221;rgba(255,255,255,0)&#8221; title_all_caps=&#8221;off&#8221; use_border_color=&#8221;off&#8221; border_color=&#8221;#ffffff&#8221; border_style=&#8221;solid&#8221;] [\/et_pb_fullwidth_post_title][\/et_pb_section][et_pb_section admin_label=&#8221;section&#8221;][et_pb_row admin_label=&#8221;row&#8221;][et_pb_column type=&#8221;1_2&#8243;][et_pb_image admin_label=&#8221;Immagine&#8221; src=&#8221;http:\/\/www.newfarms.it\/wp-content\/uploads\/2016\/08\/New-Farms-azienda-ok.jpg&#8221; show_in_lightbox=&#8221;off&#8221; url_new_window=&#8221;off&#8221; use_overlay=&#8221;off&#8221; animation=&#8221;left&#8221; sticky=&#8221;off&#8221; align=&#8221;left&#8221; force_fullwidth=&#8221;off&#8221; always_center_on_mobile=&#8221;on&#8221; use_border_color=&#8221;off&#8221; border_color=&#8221;#ffffff&#8221; border_style=&#8221;solid&#8221;] [\/et_pb_image][et_pb_image admin_label=&#8221;Immagine&#8221; src=&#8221;http:\/\/www.newfarms.it\/wp-content\/uploads\/2016\/08\/New-Farms-azienda-produzione.jpg&#8221; show_in_lightbox=&#8221;off&#8221; url_new_window=&#8221;off&#8221; use_overlay=&#8221;off&#8221; animation=&#8221;bottom&#8221; sticky=&#8221;off&#8221; align=&#8221;left&#8221; force_fullwidth=&#8221;off&#8221; always_center_on_mobile=&#8221;on&#8221; use_border_color=&#8221;off&#8221; border_color=&#8221;#ffffff&#8221; border_style=&#8221;solid&#8221;] [\/et_pb_image][\/et_pb_column][et_pb_column type=&#8221;1_2&#8243;][et_pb_text admin_label=&#8221;Testo&#8221; background_layout=&#8221;light&#8221; text_orientation=&#8221;justified&#8221; use_border_color=&#8221;off&#8221; border_color=&#8221;#ffffff&#8221; border_style=&#8221;solid&#8221;]<\/p>\n<p style=\"text-align: justify;\">Die Firma New Farms ist am Italienischen und Europ\u00e4ischen Markt mit Liegematten f\u00fcr K\u00fche vertreten, welche aus Gummi hergestellt werden. Diese sind gut studiert und patentiert f\u00fcr das Wohlbefinden der Tiere im Innenstallbereich entwickelt.<\/p>\n<p style=\"text-align: justify;\"><strong>SANDHALTER<br \/>\n<\/strong>Bei New Farms sind wir grunds\u00e4tzlich von der Notwendig erhabener Produkte auf dem Markt \u00fcberzeugt, um den Z\u00fcchtern bez\u00fcglich Ihres tats\u00e4chlichen Bedarfs und ihrer W\u00fcnsche entgegen zu kommen. Aus diesem Grund engagieren wir uns grunds\u00e4tzlich mit dieser Aufgabe.<br \/>\nLaut dem <a href=\"http:\/\/www.newfarms.it\/wp-content\/uploads\/2016\/10\/University-of-Piacenza.pdf\">wissenschaftlichen Bericht <\/a>der Universit\u00e4t Cattolica del Sacro Cuore der Ital. Stadt Piacenza zufolge, stellen die von der Firma New Farms in den Verkehr gebrachten Produkte die innovativsten und effizientesten ihrer Art f\u00fcr die Limitierung des Materialverbrauchs bei Einstreu dar. In der Tat haben die Experimente im Bereich der <span style=\"text-decoration: underline;\">Blister-Sandbettmatte<\/span> in k\u00fcrzester Zeit gezeigt, dass die Anwendung von Sand f\u00fcr die Liegebox der Hochleistungsk\u00fche den Hitzestress in w\u00fcnschenswerter Weise extrem reduziert. Eine Einbringung des Untersandes reduziert die Mikrobenbelastung in der Liegebucht und stellt ausserdem ein k\u00fchlendes Ambiente im Sommer dar. Dennoch muss mit der n\u00f6tigen Schl\u00e4ue der Auswurf des Sandes durch die Tiere verhindert werden, sonst w\u00e4re es sinnlos. In der Tat, wo die <span style=\"text-decoration: underline;\">Blister-Sandbettmatten<\/span> in die Liegebox installiert wurden, wurde ein wesentlich geringerer Entleerungsprozess gegen\u00fcber normaler Tiefbox festgestellt. Frischer ungefestigter Sand wird von den Tieren an sehr hei\u00dfen Tagen wie eine spielerische Aktivit\u00e4t mit den vorderen Gliedma\u00dfen ausgegraben und hierbei vermutlich zur Abk\u00fchlung sogar \u00fcber ihren hinteren R\u00fcckenbereich geworfen. Daher w\u00fcrde das ohne die Technologie von New Farms in der offenen Liegebox zu andauerndem Sandauswurf f\u00fchren, wobei hingegen aufgrund des <span style=\"text-decoration: underline;\">Blister-Sandbettmatten<\/span> Effekts der Sand stabil in seinen Waben bleibt und dies ohne Bedarf st\u00e4ndig weiterer Nachf\u00fcllung.<\/p>\n<p>[\/et_pb_text][\/et_pb_column][\/et_pb_row][et_pb_row admin_label=&#8221;Riga&#8221;][et_pb_column type=&#8221;4_4&#8243;][et_pb_text admin_label=&#8221;Testo&#8221; background_layout=&#8221;light&#8221; text_orientation=&#8221;left&#8221; use_border_color=&#8221;off&#8221; border_color=&#8221;#ffffff&#8221; border_style=&#8221;solid&#8221;]<\/p>\n<p style=\"text-align: center;\"><strong>UNSERE VISION:\u00a0<\/strong><\/p>\n<p style=\"text-align: justify;\">Wir wollen den Z\u00fcchtern in der ganzen Welt die M\u00f6glichkeit geben, in deren Liegeboxen ein Ambiente des Ruhens zu schaffen, welches so \u00e4hnlich wie m\u00f6glich den Gegebenheiten der Natur entspricht und den damit verbunden Vorteilen.<\/p>\n<p style=\"text-align: center;\"><strong>MISSION:\u00a0<\/strong><\/p>\n<p>Wir k\u00fcmmern uns um das Ausruhen in den Liegeboxen, damit wir \u00fcberall die Lebensqualit\u00e4t Eurer Tiere verbessern.<\/p>\n<p>[\/et_pb_text][\/et_pb_column][\/et_pb_row][et_pb_row admin_label=&#8221;Riga&#8221;][et_pb_column type=&#8221;1_2&#8243;][et_pb_image admin_label=&#8221;Immagine&#8221; src=&#8221;http:\/\/www.newfarms.it\/wp-content\/uploads\/2016\/08\/643916-834b-DE-PZ.jpg&#8221; show_in_lightbox=&#8221;off&#8221; url_new_window=&#8221;off&#8221; use_overlay=&#8221;off&#8221; animation=&#8221;left&#8221; sticky=&#8221;off&#8221; align=&#8221;left&#8221; force_fullwidth=&#8221;off&#8221; always_center_on_mobile=&#8221;on&#8221; use_border_color=&#8221;off&#8221; border_color=&#8221;#ffffff&#8221; border_style=&#8221;solid&#8221;] [\/et_pb_image][et_pb_image admin_label=&#8221;Immagine&#8221; src=&#8221;http:\/\/www.newfarms.it\/wp-content\/uploads\/2016\/08\/643716-834-DE-PZ.jpg&#8221; show_in_lightbox=&#8221;off&#8221; url_new_window=&#8221;off&#8221; use_overlay=&#8221;off&#8221; animation=&#8221;left&#8221; sticky=&#8221;off&#8221; align=&#8221;left&#8221; force_fullwidth=&#8221;off&#8221; always_center_on_mobile=&#8221;on&#8221; use_border_color=&#8221;off&#8221; border_color=&#8221;#ffffff&#8221; border_style=&#8221;solid&#8221;] [\/et_pb_image][et_pb_image admin_label=&#8221;Immagine&#8221; src=&#8221;http:\/\/www.newfarms.it\/wp-content\/uploads\/2016\/08\/643816-834a-DE-PZ.jpg&#8221; show_in_lightbox=&#8221;off&#8221; url_new_window=&#8221;off&#8221; use_overlay=&#8221;off&#8221; animation=&#8221;left&#8221; sticky=&#8221;off&#8221; align=&#8221;left&#8221; force_fullwidth=&#8221;off&#8221; always_center_on_mobile=&#8221;on&#8221; use_border_color=&#8221;off&#8221; border_color=&#8221;#ffffff&#8221; border_style=&#8221;solid&#8221;] [\/et_pb_image][\/et_pb_column][et_pb_column type=&#8221;1_2&#8243;][et_pb_text admin_label=&#8221;Testo&#8221; background_layout=&#8221;light&#8221; text_orientation=&#8221;justified&#8221; use_border_color=&#8221;off&#8221; border_color=&#8221;#ffffff&#8221; border_style=&#8221;solid&#8221;]<\/p>\n<p style=\"text-align: justify;\"><strong>ZERTIFIKATE DLG<\/strong><br \/>\nUm ein so beliebtes Produkt unserer Kunden erhalten zu k\u00f6nnen, haben wir von New Farms von Anfang an versucht, die richtigen Materialien in den Produktionsprozess einflie\u00dfen zu lassen und ab dem Moment in dem wir uns der h\u00f6chsten Qualit\u00e4t sicher waren, haben wir uns gedacht, eine dreij\u00e4hrige Garnatiezeit auf die Haltbarkeit unserer Produkte zu geben. Zwischenzeitlich konnte dies deutlich durch die rigorosen Qualit\u00e4tstest der DLG, welchen die <span style=\"text-decoration: underline;\">Blister-Sandbettmatten<\/span> unterzogen wurden, zum Ausdruck gebracht werden. Zum Beispiel:<\/p>\n<p style=\"text-align: justify;\"><span style=\"text-decoration: underline;\">FOKUS TEST<\/span> :<\/p>\n<p>&#8211; Best\u00e4ndigkeit gegen S\u00e4uren mit hervorragenden Ergebnissen<\/p>\n<p>&#8211; Auswertung der Tiergelenke mit au\u00dfergew\u00f6hnlich guten Resultaten. In diesem Zusammenhang wurden insgesamt 105 K\u00fche in dritter Laktation untersucht und hierbei waren diese in 96,4% der F\u00e4lle in perfektem Gesundheitszustand. Das Ergebnis dieses Tests k\u00f6nnen Sie gerne hier einsehen.<\/p>\n<p><span style=\"text-decoration: underline;\">SIGNUM TEST<\/span> :<\/p>\n<p>&#8211; Ausgezeichnete Gummi-Verschlei\u00dfrestistenz<\/p>\n<p>&#8211; Aussergew\u00f6hnlich kurze Gummiverformungsphase<\/p>\n<p><span style=\"text-decoration: underline;\">BTS TEST<\/span><\/p>\n<p>Die Blister Sandbettmatten der New Farms wurden im Hinblick auf den &#8220;BTS Cattle1&#8221; -Test getestet.<br \/>\nAlle BTS-Programmanforderungen (<em>Schweizerische Ethik-Programmverordnung<\/em> vom 25. Juni 2008, Anhang 3) sind erf\u00fcllt.<\/p>\n<p>[\/et_pb_text][\/et_pb_column][\/et_pb_row][et_pb_row admin_label=&#8221;Riga&#8221;][et_pb_column type=&#8221;1_2&#8243;][et_pb_image admin_label=&#8221;Immagine&#8221; src=&#8221;http:\/\/www.newfarms.it\/wp-content\/uploads\/2016\/08\/91_ISO9001_rgb_180.jpg&#8221; show_in_lightbox=&#8221;off&#8221; url_new_window=&#8221;off&#8221; use_overlay=&#8221;off&#8221; animation=&#8221;left&#8221; sticky=&#8221;off&#8221; align=&#8221;left&#8221; force_fullwidth=&#8221;off&#8221; always_center_on_mobile=&#8221;on&#8221; use_border_color=&#8221;off&#8221; border_color=&#8221;#ffffff&#8221; border_style=&#8221;solid&#8221;] [\/et_pb_image][\/et_pb_column][et_pb_column type=&#8221;1_2&#8243;][et_pb_text admin_label=&#8221;Testo&#8221; background_layout=&#8221;light&#8221; text_orientation=&#8221;justified&#8221; use_border_color=&#8221;off&#8221; border_color=&#8221;#ffffff&#8221; border_style=&#8221;solid&#8221;]<\/p>\n<p style=\"text-align: justify;\"><strong>ZERTIFIKATE\u00a0UNI EN ISO 9001 2015<\/strong><br \/>\nSeit Oktober 2017 ist das Unternehmen nach ISO 9001 zertifiziert<\/p>\n<p>[\/et_pb_text][\/et_pb_column][\/et_pb_row][\/et_pb_section]<\/p>\n","protected":false},"excerpt":{"rendered":"<p>Die Firma New Farms ist am Italienischen und Europ\u00e4ischen Markt mit Liegematten f\u00fcr K\u00fche vertreten, welche aus Gummi hergestellt werden. Diese sind gut studiert und patentiert f\u00fcr das Wohlbefinden der Tiere im Innenstallbereich entwickelt. SANDHALTER Bei New Farms sind wir grunds\u00e4tzlich von der Notwendig erhabener Produkte auf dem Markt \u00fcberzeugt, um den Z\u00fcchtern bez\u00fcglich Ihres [&hellip;]<\/p>\n","protected":false},"author":1,"featured_media":0,"parent":0,"menu_order":0,"comment_status":"closed","ping_status":"closed","template":"","meta":{"_et_pb_use_builder":"on","_et_pb_old_content":"","_et_gb_content_width":"","footnotes":""},"class_list":["post-12953","page","type-page","status-publish","hentry"],"jetpack_sharing_enabled":true,"jetpack_shortlink":"https:\/\/wp.me\/P8bcOk-3mV","_links":{"self":[{"href":"https:\/\/www.newfarms.it\/index.php?rest_route=\/wp\/v2\/pages\/12953","targetHints":{"allow":["GET"]}}],"collection":[{"href":"https:\/\/www.newfarms.it\/index.php?rest_route=\/wp\/v2\/pages"}],"about":[{"href":"https:\/\/www.newfarms.it\/index.php?rest_route=\/wp\/v2\/types\/page"}],"author":[{"embeddable":true,"href":"https:\/\/www.newfarms.it\/index.php?rest_route=\/wp\/v2\/users\/1"}],"replies":[{"embeddable":true,"href":"https:\/\/www.newfarms.it\/index.php?rest_route=%2Fwp%2Fv2%2Fcomments&post=12953"}],"version-history":[{"count":16,"href":"https:\/\/www.newfarms.it\/index.php?rest_route=\/wp\/v2\/pages\/12953\/revisions"}],"predecessor-version":[{"id":13561,"href":"https:\/\/www.newfarms.it\/index.php?rest_route=\/wp\/v2\/pages\/12953\/revisions\/13561"}],"wp:attachment":[{"href":"https:\/\/www.newfarms.it\/index.php?rest_route=%2Fwp%2Fv2%2Fmedia&parent=12953"}],"curies":[{"name":"wp","href":"https:\/\/api.w.org\/{rel}","templated":true}]}}