{"id":12965,"date":"2014-02-10T10:56:53","date_gmt":"2014-02-10T10:56:53","guid":{"rendered":"http:\/\/www.newfarms.it\/?page_id=12965&#038;lang=de"},"modified":"2017-07-28T09:26:01","modified_gmt":"2017-07-28T09:26:01","slug":"home-3","status":"publish","type":"page","link":"https:\/\/www.newfarms.it\/?page_id=12965&lang=de","title":{"rendered":"Home"},"content":{"rendered":"<p>[et_pb_section admin_label=&#8221;Sezione&#8221; fullwidth=&#8221;on&#8221; specialty=&#8221;off&#8221;][et_pb_fullwidth_slider admin_label=&#8221;Slider a Larghezza Piena&#8221; show_arrows=&#8221;on&#8221; show_pagination=&#8221;on&#8221; auto=&#8221;on&#8221; auto_ignore_hover=&#8221;off&#8221; parallax=&#8221;on&#8221; parallax_method=&#8221;off&#8221; remove_inner_shadow=&#8221;off&#8221; background_position=&#8221;default&#8221; background_size=&#8221;default&#8221; hide_content_on_mobile=&#8221;off&#8221; hide_cta_on_mobile=&#8221;off&#8221; show_image_video_mobile=&#8221;off&#8221; custom_button=&#8221;off&#8221; button_letter_spacing=&#8221;0&#8243; button_use_icon=&#8221;default&#8221; button_icon_placement=&#8221;right&#8221; button_on_hover=&#8221;on&#8221; button_letter_spacing_hover=&#8221;0&#8243; auto_speed=&#8221;5000&#8243;] [et_pb_slide heading=&#8221;Blister &#8211; Sandbettmatten &amp; Snooker<br \/>\nsind die Originale&#8221; background_image=&#8221;http:\/\/www.newfarms.it\/wp-content\/uploads\/2014\/02\/First-Farms-001.jpg&#8221; background_position=&#8221;default&#8221; background_size=&#8221;default&#8221; background_color=&#8221;#ffffff&#8221; use_bg_overlay=&#8221;on&#8221; bg_overlay_color=&#8221;rgba(0,0,0,0.25)&#8221; use_text_overlay=&#8221;off&#8221; alignment=&#8221;center&#8221; background_layout=&#8221;dark&#8221; allow_player_pause=&#8221;off&#8221; text_border_radius=&#8221;3&#8243; header_font_select=&#8221;default&#8221; header_font=&#8221;||||&#8221; body_font_select=&#8221;default&#8221; body_font=&#8221;||||&#8221; custom_button=&#8221;off&#8221; button_font_select=&#8221;default&#8221; button_font=&#8221;||||&#8221; button_use_icon=&#8221;default&#8221; button_icon_placement=&#8221;right&#8221; button_on_hover=&#8221;on&#8221; text_overlay_color=&#8221;rgba(7,7,7,0.17)&#8221; button_text=&#8221;Erfahren Sie mehr&#8221; button_link=&#8221;http:\/\/www.newfarms.it\/?page_id=12986&amp;lang=de&#8221; image=&#8221;http:\/\/www.newfarms.it\/wp-content\/uploads\/2014\/02\/New-Farms-logo-solo-A.png&#8221;]<\/p>\n<p style=\"text-align: justify;\">Entwickelt um das Problem des Sandauswurfs aus den Tiefboxen zu l\u00f6sen. Die Matratzen f\u00fcr K\u00fche der Firma New Farms garantieren den maximalen Komfort beim Ruhen der Tiere, bieten ihnen eine stabile Liegebasis, von der sie wiederum bei v\u00f6lliger Sicherheit aufstehen k\u00f6nnen und verhindern die Gefahr vor Absch\u00fcrfungen und Verletzungen.<\/p>\n<p>[\/et_pb_slide][et_pb_slide heading=&#8221;Blister&#8221; background_image=&#8221;http:\/\/www.newfarms.it\/wp-content\/uploads\/2017\/03\/newfarms-slide-new.jpg&#8221; background_position=&#8221;default&#8221; background_size=&#8221;default&#8221; background_color=&#8221;#ffffff&#8221; use_bg_overlay=&#8221;on&#8221; bg_overlay_color=&#8221;rgba(0,0,0,0.25)&#8221; use_text_overlay=&#8221;off&#8221; alignment=&#8221;center&#8221; background_layout=&#8221;dark&#8221; allow_player_pause=&#8221;off&#8221; text_border_radius=&#8221;3&#8243; header_font_select=&#8221;default&#8221; header_font=&#8221;||||&#8221; body_font_select=&#8221;default&#8221; body_font=&#8221;||||&#8221; custom_button=&#8221;off&#8221; button_font_select=&#8221;default&#8221; button_font=&#8221;||||&#8221; button_use_icon=&#8221;default&#8221; button_icon_placement=&#8221;right&#8221; button_on_hover=&#8221;on&#8221; text_overlay_color=&#8221;rgba(7,7,7,0.17)&#8221; image=&#8221;http:\/\/www.newfarms.it\/wp-content\/uploads\/2014\/02\/laterale.jpg&#8221; button_text=&#8221;Erfahren Sie mehr&#8221; button_link=&#8221;http:\/\/www.newfarms.it\/?page_id=12986&amp;lang=de&#8221;]<\/p>\n<p>Die originale <em>Sandhalter<\/em> L\u00f6sung erdacht f\u00fcr das Fixieren des Sandes in Tiefboxen<\/p>\n<p>&nbsp;<\/p>\n<p>[\/et_pb_slide][et_pb_slide heading=&#8221;Snooker&#8221; background_image=&#8221;http:\/\/www.newfarms.it\/wp-content\/uploads\/2014\/02\/P1010871.JPG-02.jpg&#8221; background_position=&#8221;default&#8221; background_size=&#8221;default&#8221; background_color=&#8221;#ffffff&#8221; use_bg_overlay=&#8221;on&#8221; bg_overlay_color=&#8221;rgba(0,0,0,0.25)&#8221; use_text_overlay=&#8221;off&#8221; alignment=&#8221;center&#8221; background_layout=&#8221;dark&#8221; allow_player_pause=&#8221;off&#8221; text_border_radius=&#8221;3&#8243; header_font_select=&#8221;default&#8221; header_font=&#8221;||||&#8221; body_font_select=&#8221;default&#8221; body_font=&#8221;||||&#8221; custom_button=&#8221;off&#8221; button_font_select=&#8221;default&#8221; button_font=&#8221;||||&#8221; button_use_icon=&#8221;default&#8221; button_icon_placement=&#8221;right&#8221; button_on_hover=&#8221;on&#8221; text_overlay_color=&#8221;rgba(7,7,7,0.17)&#8221; button_text=&#8221;Erfahren Sie mehr&#8221; button_link=&#8221;http:\/\/www.newfarms.it\/?page_id=12986&amp;lang=de&#8221;]<\/p>\n<p>Die einzige <em>Sandhaltematte<\/em> erdacht f\u00fcr die Nutzung von Sand bei ebenen und Hochboxen<\/p>\n<p>&nbsp;<\/p>\n<p>[\/et_pb_slide] [\/et_pb_fullwidth_slider][\/et_pb_section][et_pb_section admin_label=&#8221;Sezione&#8221; fullwidth=&#8221;off&#8221; specialty=&#8221;off&#8221;][et_pb_row admin_label=&#8221;Riga&#8221;][et_pb_column type=&#8221;1_3&#8243;][et_pb_blurb admin_label=&#8221;testimonial&#8221; title=&#8221;Aussagen&#8221; url_new_window=&#8221;off&#8221; use_icon=&#8221;on&#8221; font_icon=&#8221;%%259%%&#8221; icon_color=&#8221;#ffffff&#8221; use_circle=&#8221;on&#8221; circle_color=&#8221;#0c71c3&#8243; use_circle_border=&#8221;off&#8221; circle_border_color=&#8221;#7EBEC5&#8243; icon_placement=&#8221;top&#8221; animation=&#8221;left&#8221; background_layout=&#8221;light&#8221; text_orientation=&#8221;center&#8221; use_icon_font_size=&#8221;off&#8221; use_border_color=&#8221;off&#8221; border_color=&#8221;#ffffff&#8221; border_style=&#8221;solid&#8221; url=&#8221;http:\/\/www.newfarms.it\/?page_id=13022&amp;lang=de&#8221;]<\/p>\n<p>New Farms\u00a0in den Zeugnissen unserer Kunden<\/p>\n<p>[\/et_pb_blurb][\/et_pb_column][et_pb_column type=&#8221;1_3&#8243;][et_pb_blurb admin_label=&#8221;news letter&#8221; title=&#8221;Newsletter abonnieren&#8221; url_new_window=&#8221;off&#8221; use_icon=&#8221;on&#8221; font_icon=&#8221;%%238%%&#8221; icon_color=&#8221;#ffffff&#8221; use_circle=&#8221;on&#8221; circle_color=&#8221;#31991a&#8221; use_circle_border=&#8221;off&#8221; circle_border_color=&#8221;#7EBEC5&#8243; icon_placement=&#8221;top&#8221; animation=&#8221;bottom&#8221; background_layout=&#8221;light&#8221; text_orientation=&#8221;center&#8221; use_icon_font_size=&#8221;off&#8221; use_border_color=&#8221;off&#8221; border_color=&#8221;#ffffff&#8221; border_style=&#8221;solid&#8221; url=&#8221;http:\/\/www.newfarms.it\/?page_id=13016&amp;lang=de&#8221;]<\/p>\n<p><span style=\"color: #000000;\">Bleiben Sie mit dem Zeugnis von New Farms aktualisiert<\/span><\/p>\n<p>[\/et_pb_blurb][\/et_pb_column][et_pb_column type=&#8221;1_3&#8243;][et_pb_blurb admin_label=&#8221;about us&#8221; title=&#8221;\u00dcber uns&#8221; url_new_window=&#8221;off&#8221; use_icon=&#8221;on&#8221; font_icon=&#8221;%%204%%&#8221; icon_color=&#8221;#ffffff&#8221; use_circle=&#8221;on&#8221; circle_color=&#8221;#e02b20&#8243; use_circle_border=&#8221;off&#8221; circle_border_color=&#8221;#7EBEC5&#8243; icon_placement=&#8221;top&#8221; animation=&#8221;left&#8221; background_layout=&#8221;light&#8221; text_orientation=&#8221;center&#8221; use_icon_font_size=&#8221;off&#8221; use_border_color=&#8221;off&#8221; border_color=&#8221;#ffffff&#8221; border_style=&#8221;solid&#8221; url=&#8221;http:\/\/www.newfarms.it\/?page_id=12953&amp;lang=de&#8221;]<\/p>\n<p><span style=\"color: #000000;\">Entdecken Sie unser Unternehmen und unsere Produktion<\/span><\/p>\n<p>[\/et_pb_blurb][\/et_pb_column][\/et_pb_row][\/et_pb_section][et_pb_section admin_label=&#8221;Sezione&#8221; fullwidth=&#8221;off&#8221; specialty=&#8221;off&#8221; transparent_background=&#8221;off&#8221; background_color=&#8221;#dddddd&#8221; allow_player_pause=&#8221;off&#8221; inner_shadow=&#8221;off&#8221; parallax=&#8221;off&#8221; parallax_method=&#8221;off&#8221; padding_mobile=&#8221;off&#8221; make_fullwidth=&#8221;off&#8221; use_custom_width=&#8221;off&#8221; width_unit=&#8221;on&#8221; make_equal=&#8221;off&#8221; use_custom_gutter=&#8221;off&#8221;][et_pb_row admin_label=&#8221;Riga&#8221;][et_pb_column type=&#8221;4_4&#8243;][et_pb_gallery admin_label=&#8221;Galleria&#8221; fullwidth=&#8221;off&#8221; posts_number=&#8221;20&#8243; show_title_and_caption=&#8221;on&#8221; show_pagination=&#8221;off&#8221; background_layout=&#8221;light&#8221; auto=&#8221;off&#8221; hover_overlay_color=&#8221;rgba(255,255,255,0.9)&#8221; caption_all_caps=&#8221;off&#8221; use_border_color=&#8221;off&#8221; border_color=&#8221;#ffffff&#8221; border_style=&#8221;solid&#8221; gallery_ids=&#8221;12972,12970,12978,13290,13294,13328,13332,13336&#8243;] [\/et_pb_gallery][\/et_pb_column][\/et_pb_row][\/et_pb_section]<\/p>\n","protected":false},"excerpt":{"rendered":"<p>Entwickelt um das Problem des Sandauswurfs aus den Tiefboxen zu l\u00f6sen. Die Matratzen f\u00fcr K\u00fche der Firma New Farms garantieren den maximalen Komfort beim Ruhen der Tiere, bieten ihnen eine stabile Liegebasis, von der sie wiederum bei v\u00f6lliger Sicherheit aufstehen k\u00f6nnen und verhindern die Gefahr vor Absch\u00fcrfungen und Verletzungen. Die originale Sandhalter L\u00f6sung erdacht f\u00fcr [&hellip;]<\/p>\n","protected":false},"author":1,"featured_media":0,"parent":0,"menu_order":0,"comment_status":"open","ping_status":"closed","template":"","meta":{"_et_pb_use_builder":"on","_et_pb_old_content":"","_et_gb_content_width":"","footnotes":""},"class_list":["post-12965","page","type-page","status-publish","hentry"],"jetpack_sharing_enabled":true,"jetpack_shortlink":"https:\/\/wp.me\/P8bcOk-3n7","_links":{"self":[{"href":"https:\/\/www.newfarms.it\/index.php?rest_route=\/wp\/v2\/pages\/12965","targetHints":{"allow":["GET"]}}],"collection":[{"href":"https:\/\/www.newfarms.it\/index.php?rest_route=\/wp\/v2\/pages"}],"about":[{"href":"https:\/\/www.newfarms.it\/index.php?rest_route=\/wp\/v2\/types\/page"}],"author":[{"embeddable":true,"href":"https:\/\/www.newfarms.it\/index.php?rest_route=\/wp\/v2\/users\/1"}],"replies":[{"embeddable":true,"href":"https:\/\/www.newfarms.it\/index.php?rest_route=%2Fwp%2Fv2%2Fcomments&post=12965"}],"version-history":[{"count":18,"href":"https:\/\/www.newfarms.it\/index.php?rest_route=\/wp\/v2\/pages\/12965\/revisions"}],"predecessor-version":[{"id":13383,"href":"https:\/\/www.newfarms.it\/index.php?rest_route=\/wp\/v2\/pages\/12965\/revisions\/13383"}],"wp:attachment":[{"href":"https:\/\/www.newfarms.it\/index.php?rest_route=%2Fwp%2Fv2%2Fmedia&parent=12965"}],"curies":[{"name":"wp","href":"https:\/\/api.w.org\/{rel}","templated":true}]}}