{"id":13089,"date":"2016-08-03T16:24:17","date_gmt":"2016-08-03T14:24:17","guid":{"rendered":"http:\/\/www.newfarms.it\/?page_id=13089&#038;lang=es"},"modified":"2018-10-16T08:37:27","modified_gmt":"2018-10-16T08:37:27","slug":"about-us","status":"publish","type":"page","link":"https:\/\/www.newfarms.it\/?page_id=13089&lang=es","title":{"rendered":"Empresa"},"content":{"rendered":"<p>[et_pb_section admin_label=&#8221;Sezione&#8221; fullwidth=&#8221;on&#8221; specialty=&#8221;off&#8221; background_image=&#8221;http:\/\/www.newfarms.it\/wp-content\/uploads\/2016\/08\/New-Farms-azienda-ok.jpg&#8221; transparent_background=&#8221;off&#8221; allow_player_pause=&#8221;off&#8221; inner_shadow=&#8221;off&#8221; parallax=&#8221;off&#8221; parallax_method=&#8221;off&#8221; padding_mobile=&#8221;off&#8221; make_fullwidth=&#8221;off&#8221; use_custom_width=&#8221;off&#8221; width_unit=&#8221;on&#8221; make_equal=&#8221;off&#8221; use_custom_gutter=&#8221;off&#8221; background_color=&#8221;#ffffff&#8221;][et_pb_fullwidth_post_title admin_label=&#8221;Titolo Post a Larghezza Intera&#8221; title=&#8221;on&#8221; meta=&#8221;off&#8221; author=&#8221;on&#8221; date=&#8221;on&#8221; categories=&#8221;on&#8221; comments=&#8221;on&#8221; featured_image=&#8221;off&#8221; featured_placement=&#8221;below&#8221; parallax_effect=&#8221;on&#8221; parallax_method=&#8221;on&#8221; text_orientation=&#8221;center&#8221; text_color=&#8221;light&#8221; text_background=&#8221;off&#8221; text_bg_color=&#8221;rgba(255,255,255,0.9)&#8221; module_bg_color=&#8221;rgba(255,255,255,0)&#8221; title_all_caps=&#8221;off&#8221; use_border_color=&#8221;off&#8221; border_color=&#8221;#ffffff&#8221; border_style=&#8221;solid&#8221;] [\/et_pb_fullwidth_post_title][\/et_pb_section][et_pb_section admin_label=&#8221;section&#8221;][et_pb_row admin_label=&#8221;row&#8221;][et_pb_column type=&#8221;1_2&#8243;][et_pb_image admin_label=&#8221;Immagine&#8221; src=&#8221;http:\/\/www.newfarms.it\/wp-content\/uploads\/2016\/08\/New-Farms-azienda-ok.jpg&#8221; show_in_lightbox=&#8221;off&#8221; url_new_window=&#8221;off&#8221; use_overlay=&#8221;off&#8221; animation=&#8221;left&#8221; sticky=&#8221;off&#8221; align=&#8221;left&#8221; force_fullwidth=&#8221;off&#8221; always_center_on_mobile=&#8221;on&#8221; use_border_color=&#8221;off&#8221; border_color=&#8221;#ffffff&#8221; border_style=&#8221;solid&#8221;] [\/et_pb_image][et_pb_image admin_label=&#8221;Immagine&#8221; src=&#8221;http:\/\/www.newfarms.it\/wp-content\/uploads\/2016\/08\/New-Farms-azienda-produzione.jpg&#8221; show_in_lightbox=&#8221;off&#8221; url_new_window=&#8221;off&#8221; use_overlay=&#8221;off&#8221; animation=&#8221;bottom&#8221; sticky=&#8221;off&#8221; align=&#8221;left&#8221; force_fullwidth=&#8221;off&#8221; always_center_on_mobile=&#8221;on&#8221; use_border_color=&#8221;off&#8221; border_color=&#8221;#ffffff&#8221; border_style=&#8221;solid&#8221;] [\/et_pb_image][\/et_pb_column][et_pb_column type=&#8221;1_2&#8243;][et_pb_text admin_label=&#8221;Testo&#8221; background_layout=&#8221;light&#8221; text_orientation=&#8221;justified&#8221; use_border_color=&#8221;off&#8221; border_color=&#8221;#ffffff&#8221; border_style=&#8221;solid&#8221;]<\/p>\n<p style=\"text-align: justify;\">La empresa New Farms est\u00e1 en los mercados italiano y europeo con colchones para vacas hechos de caucho, dise\u00f1ados y patentados para mejorar el bienestar animal en el establo.<\/p>\n<p style=\"text-align: justify;\"><strong>SAND SAVER<br \/>\n<\/strong>En New Farms estamos profundamente convencidos de la importancia de productos que destacan para cumplir con las necesidades y los deseos de los criadores; y por tanto estamos totalmente comprometidos a hacer esto.<br \/>\nNuestros <em>sand saver<\/em> se encuentran entre los m\u00e1s innovadores y eficientes en el mercado, como aclara, por ejemplo, el <a href=\"http:\/\/www.newfarms.it\/wp-content\/uploads\/2016\/08\/Universidad-de-Piacenza-website-version.pdf\">informe de investigaci\u00f3n<\/a> sobre la limitaci\u00f3n del consumo de material de litera por medio del empleo de los productos New Farms llevado a cabo por la Universit\u00e0 Cattolica del Sacro Cuore en Piacenza. De hecho, las pruebas sobre el <span style=\"text-decoration: underline;\">Blister<\/span> han mostrado muy pronto que, el uso de la arena como material de litera para vacas lecheras de alto rendimiento sometidas a estr\u00e9s t\u00e9rmico es deseable, y a la vez posible. La arena reduce la carga microbiana en el cub\u00edculo y crea tambi\u00e9n un ambiente fresco en verano; sin embargo, sin apropiadas precauciones que impidan a las vacas excavar en el cub\u00edculo y arrojar la arena misma, su empleo ser\u00eda in\u00fatil. De hecho, seg\u00fan las pruebas realizadas, se ha demostrado un grado de vaciado mucho menor en los cub\u00edculos donde se instal\u00f3 el <span style=\"text-decoration: underline;\">Blister<\/span> m\u00e1s bien que en los tradicionales: la arena fresca atrae a los animales que durante los d\u00edas m\u00e1s calurosos comienzan a cavar y arrojar el inerte sobre su lomo, quizas para refrescarse; por lo tanto, sin la tecnolog\u00eda New Farms, todo implicar\u00eda frecuentes adiciones, mientras que, debido al <span style=\"text-decoration: underline;\">Blister<\/span>, la arena permanece en sus celdas. Sin necesidad de recargas adicionales.<\/p>\n<p>[\/et_pb_text][\/et_pb_column][\/et_pb_row][et_pb_row admin_label=&#8221;Riga&#8221;][et_pb_column type=&#8221;4_4&#8243;][et_pb_text admin_label=&#8221;Testo&#8221; background_layout=&#8221;light&#8221; text_orientation=&#8221;left&#8221; use_border_color=&#8221;off&#8221; border_color=&#8221;#ffffff&#8221; border_style=&#8221;solid&#8221;]<\/p>\n<p style=\"text-align: center;\"><strong>VISI\u00d3N:\u00a0<\/strong><\/p>\n<p style=\"text-align: justify;\">Queremos dar a los criadores de todo el mundo la oportunidad de recrear en el cub\u00edculo un ambiente de descanso lo m\u00e1s similar posible a lo natural. Con todas las ventajas que esto lleva consigo.<\/p>\n<p style=\"text-align: center;\"><strong>MISI\u00d3N:\u00a0<\/strong><\/p>\n<p>Cuidamos la calidad del descanso en el cub\u00edculo para mejorar la calidad de vida de sus animales, en todas partes.<\/p>\n<p>[\/et_pb_text][\/et_pb_column][\/et_pb_row][et_pb_row admin_label=&#8221;Riga&#8221;][et_pb_column type=&#8221;1_2&#8243;][et_pb_image admin_label=&#8221;Immagine&#8221; src=&#8221;http:\/\/www.newfarms.it\/wp-content\/uploads\/2016\/08\/643916-834b-GB-PZ.jpg&#8221; show_in_lightbox=&#8221;off&#8221; url_new_window=&#8221;off&#8221; use_overlay=&#8221;off&#8221; animation=&#8221;left&#8221; sticky=&#8221;off&#8221; align=&#8221;left&#8221; force_fullwidth=&#8221;off&#8221; always_center_on_mobile=&#8221;on&#8221; use_border_color=&#8221;off&#8221; border_color=&#8221;#ffffff&#8221; border_style=&#8221;solid&#8221;] [\/et_pb_image][et_pb_image admin_label=&#8221;Immagine&#8221; src=&#8221;http:\/\/www.newfarms.it\/wp-content\/uploads\/2016\/08\/643716-834-GB-PZ.jpg&#8221; show_in_lightbox=&#8221;off&#8221; url_new_window=&#8221;off&#8221; use_overlay=&#8221;off&#8221; animation=&#8221;left&#8221; sticky=&#8221;off&#8221; align=&#8221;left&#8221; force_fullwidth=&#8221;off&#8221; always_center_on_mobile=&#8221;on&#8221; use_border_color=&#8221;off&#8221; border_color=&#8221;#ffffff&#8221; border_style=&#8221;solid&#8221;] [\/et_pb_image][et_pb_image admin_label=&#8221;Immagine&#8221; src=&#8221;http:\/\/www.newfarms.it\/wp-content\/uploads\/2016\/08\/643816-834a-GB-PZ.jpg&#8221; show_in_lightbox=&#8221;off&#8221; url_new_window=&#8221;off&#8221; use_overlay=&#8221;off&#8221; animation=&#8221;left&#8221; sticky=&#8221;off&#8221; align=&#8221;left&#8221; force_fullwidth=&#8221;off&#8221; always_center_on_mobile=&#8221;on&#8221; use_border_color=&#8221;off&#8221; border_color=&#8221;#ffffff&#8221; border_style=&#8221;solid&#8221;] [\/et_pb_image][\/et_pb_column][et_pb_column type=&#8221;1_2&#8243;][et_pb_text admin_label=&#8221;Testo&#8221; background_layout=&#8221;light&#8221; text_orientation=&#8221;justified&#8221; use_border_color=&#8221;off&#8221; border_color=&#8221;#ffffff&#8221; border_style=&#8221;solid&#8221;]<\/p>\n<p style=\"text-align: justify;\"><strong>CERTIFICACIONES DLG<\/strong><br \/>\nPara obtener un producto tan exitoso, en New Farms hemos buscado desde el principio los materiales adecuados para ser utilizados en el proceso de producci\u00f3n; y una vez seguros de la alta calidad de los resultados, pensamos en aplicar una garant\u00eda de 3 a\u00f1os en la durabilidad de nuestros productos. Lo que est\u00e1 en el medio se ve f\u00e1cilmente por los resultados de algunas inflexibles pruebas hechas por DLG a las que el <span style=\"text-decoration: underline;\">Blister<\/span> fue sometido. Por ejemplo :<\/p>\n<p style=\"text-align: justify;\"><span style=\"text-decoration: underline;\">FOKUS TEST<\/span> :<\/p>\n<p>&#8211; extraordinario \u00e9xito de la resistencia a los \u00e1cidos<\/p>\n<p style=\"text-align: justify;\">&#8211; extraordinario \u00e9xito en la evaluaci\u00f3n de las articulaciones de los animales. En este caso, se examinaron 105 vacas en 3 establos \u00a0 \u00a0 \u00a0diferentes despu\u00e9s del segundo trimestre de lactancia y el 96,4% estaban en perfecto estado de salud. Vea el informe <a href=\"http:\/\/www.newfarms.it\/wp-content\/uploads\/2016\/08\/DLG-report.pdf\">aqu\u00ed<\/a>.<\/p>\n<p><span style=\"text-decoration: underline;\">SIGNUM TEST<\/span> :<\/p>\n<p>&#8211; excelente resistencia al desgaste del caucho<\/p>\n<p>&#8211; periodo de deformaci\u00f3n del caucho maravillosamente corto<\/p>\n<p><span style=\"text-decoration: underline;\">BTS TEST<\/span><\/p>\n<p>El Blister de New Farms fue probado con respecto a la prueba &#8220;BTS Cattle1&#8243;.<br \/>\nTodos los requisitos del programa BTS (Ordenanza del Programa de \u00c9tica Suiza de 25 de Junio de 2008, Anexo 3) se consideran cumplidos.<\/p>\n<p>[\/et_pb_text][\/et_pb_column][\/et_pb_row][et_pb_row admin_label=&#8221;Riga&#8221;][et_pb_column type=&#8221;1_2&#8243;][et_pb_image admin_label=&#8221;Immagine&#8221; src=&#8221;http:\/\/www.newfarms.it\/wp-content\/uploads\/2016\/08\/91_ISO9001_rgb_180.jpg&#8221; show_in_lightbox=&#8221;off&#8221; url_new_window=&#8221;off&#8221; use_overlay=&#8221;off&#8221; animation=&#8221;left&#8221; sticky=&#8221;off&#8221; align=&#8221;left&#8221; force_fullwidth=&#8221;off&#8221; always_center_on_mobile=&#8221;on&#8221; use_border_color=&#8221;off&#8221; border_color=&#8221;#ffffff&#8221; border_style=&#8221;solid&#8221;] [\/et_pb_image][\/et_pb_column][et_pb_column type=&#8221;1_2&#8243;][et_pb_text admin_label=&#8221;Testo&#8221; background_layout=&#8221;light&#8221; text_orientation=&#8221;justified&#8221; use_border_color=&#8221;off&#8221; border_color=&#8221;#ffffff&#8221; border_style=&#8221;solid&#8221;]<\/p>\n<p style=\"text-align: justify;\"><strong>CERTIFICACI\u00d3N UNI EN ISO 9001 2015<\/strong><br \/>\nA partir de Octubre de 2017, la empresa est\u00e1 certificada ISO 9001<\/p>\n<p>[\/et_pb_text][\/et_pb_column][\/et_pb_row][\/et_pb_section]<\/p>\n","protected":false},"excerpt":{"rendered":"<p>La empresa New Farms est\u00e1 en los mercados italiano y europeo con colchones para vacas hechos de caucho, dise\u00f1ados y patentados para mejorar el bienestar animal en el establo. SAND SAVER En New Farms estamos profundamente convencidos de la importancia de productos que destacan para cumplir con las necesidades y los deseos de los criadores; [&hellip;]<\/p>\n","protected":false},"author":1,"featured_media":0,"parent":0,"menu_order":0,"comment_status":"closed","ping_status":"closed","template":"","meta":{"_et_pb_use_builder":"on","_et_pb_old_content":"","_et_gb_content_width":"","footnotes":""},"class_list":["post-13089","page","type-page","status-publish","hentry"],"jetpack_sharing_enabled":true,"jetpack_shortlink":"https:\/\/wp.me\/P8bcOk-3p7","_links":{"self":[{"href":"https:\/\/www.newfarms.it\/index.php?rest_route=\/wp\/v2\/pages\/13089","targetHints":{"allow":["GET"]}}],"collection":[{"href":"https:\/\/www.newfarms.it\/index.php?rest_route=\/wp\/v2\/pages"}],"about":[{"href":"https:\/\/www.newfarms.it\/index.php?rest_route=\/wp\/v2\/types\/page"}],"author":[{"embeddable":true,"href":"https:\/\/www.newfarms.it\/index.php?rest_route=\/wp\/v2\/users\/1"}],"replies":[{"embeddable":true,"href":"https:\/\/www.newfarms.it\/index.php?rest_route=%2Fwp%2Fv2%2Fcomments&post=13089"}],"version-history":[{"count":10,"href":"https:\/\/www.newfarms.it\/index.php?rest_route=\/wp\/v2\/pages\/13089\/revisions"}],"predecessor-version":[{"id":13563,"href":"https:\/\/www.newfarms.it\/index.php?rest_route=\/wp\/v2\/pages\/13089\/revisions\/13563"}],"wp:attachment":[{"href":"https:\/\/www.newfarms.it\/index.php?rest_route=%2Fwp%2Fv2%2Fmedia&parent=13089"}],"curies":[{"name":"wp","href":"https:\/\/api.w.org\/{rel}","templated":true}]}}