{"id":13097,"date":"2016-08-03T16:54:26","date_gmt":"2016-08-03T14:54:26","guid":{"rendered":"http:\/\/www.newfarms.it\/?page_id=13097&#038;lang=es"},"modified":"2018-10-16T08:51:32","modified_gmt":"2018-10-16T08:51:32","slug":"prodotti","status":"publish","type":"page","link":"https:\/\/www.newfarms.it\/?page_id=13097&lang=es","title":{"rendered":"Productos"},"content":{"rendered":"<p>[et_pb_section admin_label=&#8221;Sezione&#8221; fullwidth=&#8221;on&#8221; specialty=&#8221;off&#8221; background_image=&#8221;http:\/\/www.newfarms.it\/wp-content\/uploads\/2014\/02\/New-farms-blister-4.jpg&#8221; transparent_background=&#8221;off&#8221; allow_player_pause=&#8221;off&#8221; inner_shadow=&#8221;off&#8221; parallax=&#8221;off&#8221; parallax_method=&#8221;off&#8221; padding_mobile=&#8221;off&#8221; make_fullwidth=&#8221;off&#8221; use_custom_width=&#8221;off&#8221; width_unit=&#8221;on&#8221; make_equal=&#8221;off&#8221; use_custom_gutter=&#8221;off&#8221; background_color=&#8221;#ffffff&#8221;][et_pb_fullwidth_post_title admin_label=&#8221;Titolo Post a Larghezza Intera&#8221; title=&#8221;on&#8221; meta=&#8221;off&#8221; author=&#8221;on&#8221; date=&#8221;on&#8221; categories=&#8221;on&#8221; comments=&#8221;on&#8221; featured_image=&#8221;off&#8221; featured_placement=&#8221;below&#8221; parallax_effect=&#8221;on&#8221; parallax_method=&#8221;on&#8221; text_orientation=&#8221;center&#8221; text_color=&#8221;light&#8221; text_background=&#8221;off&#8221; text_bg_color=&#8221;rgba(255,255,255,0.9)&#8221; module_bg_color=&#8221;rgba(255,255,255,0)&#8221; title_all_caps=&#8221;off&#8221; use_border_color=&#8221;off&#8221; border_color=&#8221;#ffffff&#8221; border_style=&#8221;solid&#8221;] [\/et_pb_fullwidth_post_title][\/et_pb_section][et_pb_section admin_label=&#8221;Sezione&#8221; fullwidth=&#8221;off&#8221; specialty=&#8221;off&#8221;][et_pb_row admin_label=&#8221;Riga&#8221;][et_pb_column type=&#8221;4_4&#8243;][et_pb_text admin_label=&#8221;titolo blister&#8221; background_layout=&#8221;light&#8221; text_orientation=&#8221;left&#8221; use_border_color=&#8221;off&#8221; border_color=&#8221;#ffffff&#8221; border_style=&#8221;solid&#8221;]<\/p>\n<h2 style=\"text-align: center;\"><strong>Blister<\/strong><\/h2>\n<p>[\/et_pb_text][\/et_pb_column][\/et_pb_row][et_pb_row admin_label=&#8221;Riga&#8221;][et_pb_column type=&#8221;1_2&#8243;][et_pb_image admin_label=&#8221;Immagine&#8221; src=&#8221;http:\/\/www.newfarms.it\/wp-content\/uploads\/2016\/08\/B-11311-02.jpg&#8221; show_in_lightbox=&#8221;off&#8221; url_new_window=&#8221;off&#8221; use_overlay=&#8221;off&#8221; animation=&#8221;top&#8221; sticky=&#8221;off&#8221; align=&#8221;left&#8221; force_fullwidth=&#8221;off&#8221; always_center_on_mobile=&#8221;on&#8221; use_border_color=&#8221;off&#8221; border_color=&#8221;#ffffff&#8221; border_style=&#8221;solid&#8221;] [\/et_pb_image][\/et_pb_column][et_pb_column type=&#8221;1_2&#8243;][et_pb_text admin_label=&#8221;Testo&#8221; background_layout=&#8221;light&#8221; text_orientation=&#8221;left&#8221; use_border_color=&#8221;off&#8221; border_color=&#8221;#ffffff&#8221; border_style=&#8221;solid&#8221;]<\/p>\n<p style=\"text-align: justify;\">Los tradicionales colchones para vacas (hechos de caucho, tela, o similares) a menudo causan abrasiones, traumas o lesiones a la piel de los animales. Sin embargo, tales obst\u00e1culos para el bienestar del ganado se pueden superar mediante el empleo de la arena en el cub\u00edculo: de esta manera la proliferaci\u00f3n de microbios se previene y tambi\u00e9n reduce, mientras que las abrasiones son casi totalmente ausentes. Adem\u00e1s, una mayor permanencia de los animales dentro de los cub\u00edculos (hasta 14 horas al d\u00eda) est\u00e1 garantizada por el uso del material inerte.<br \/>\nAunque bastante com\u00fan en Am\u00e9rica y en el norte de Europa, el uso de arena puede que moleste un poco: eso puede causar hundimientos y huecos en el cub\u00edculo, y luego la fuga de la arena cada vez que los animales dejan su lugar de descanso. Todo esto puede causar la obstrucci\u00f3n y el desgaste prematuro de los tanques de almacenamiento y bombas.<br \/>\nGracias a la capacidad del <span style=\"text-decoration: underline;\">Blister<\/span> de retener el inerte dentro de sus 35 celdas, las expectativas de los criadores para un uso seguro de la arena en el cub\u00edculo estan cumplidas.<\/p>\n<p><a href=\"http:\/\/www.newfarms.it\/wp-content\/uploads\/2016\/08\/spagnolo_new.pdf\" target=\"_blank\">New Farms folleto informativo PDF<\/a><\/p>\n<p>[\/et_pb_text][\/et_pb_column][\/et_pb_row][et_pb_row admin_label=&#8221;Riga&#8221;][et_pb_column type=&#8221;4_4&#8243;][et_pb_text admin_label=&#8221;scheda tecnica&#8221; background_layout=&#8221;light&#8221; text_orientation=&#8221;left&#8221; use_border_color=&#8221;off&#8221; border_color=&#8221;#ffffff&#8221; border_style=&#8221;solid&#8221;]<\/p>\n<h2 style=\"text-align: center;\"><strong>Oja de datos<\/strong><\/h2>\n<p>[\/et_pb_text][\/et_pb_column][\/et_pb_row][et_pb_row admin_label=&#8221;Riga&#8221;][et_pb_column type=&#8221;1_2&#8243;][et_pb_text admin_label=&#8221;Testo&#8221; background_layout=&#8221;light&#8221; text_orientation=&#8221;left&#8221; use_border_color=&#8221;off&#8221; border_color=&#8221;#ffffff&#8221; border_style=&#8221;solid&#8221;]<\/p>\n<p style=\"text-align: justify;\"><strong>COMPOSICI\u00d3N<\/strong><br \/>\nConglomerado de gr\u00e1nulos de caucho de neum\u00e1ticos usados y pegados mediante resinas de poliuretano.<br \/>\nEl <em>sand saver<\/em> <span style=\"text-decoration: underline;\">Blister<\/span> es un producto con altas propiedades mec\u00e1nicas:<\/p>\n<ul style=\"text-align: justify;\">\n<li>puede ser pisado por cualquier cosa<\/li>\n<li>es resistente a los impactos<\/li>\n<li>tiene memoria el\u00e1stica y estabilidad dimensional bajo cargas permanentes<\/li>\n<\/ul>\n<p style=\"text-align: justify;\"><strong><br \/>\nCARACTER\u00cdSTICAS QU\u00cdMICO-F\u00cdSICAS<\/strong><br \/>\nEl <em>sand saver<\/em> <span style=\"text-decoration: underline;\">Blister<\/span> es resistente a los ataques de insectos, microbios y hongos; y no acumula carga electrost\u00e1tica. Es altamente resistente a los \u00e1cidos y no se pudre. Sus caracter\u00edsticas permanecen sin cambios en el tiempo. El producto es 100% reciclable.<\/p>\n<p>[\/et_pb_text][et_pb_text admin_label=&#8221;Testo&#8221; background_layout=&#8221;light&#8221; text_orientation=&#8221;left&#8221; use_border_color=&#8221;off&#8221; border_color=&#8221;#ffffff&#8221; border_style=&#8221;solid&#8221;] [\/et_pb_text][et_pb_text admin_label=&#8221;Testo&#8221; background_layout=&#8221;light&#8221; text_orientation=&#8221;left&#8221; use_border_color=&#8221;off&#8221; border_color=&#8221;#ffffff&#8221; border_style=&#8221;solid&#8221;]<\/p>\n<p style=\"text-align: justify;\"><strong>INSTALACI\u00d3N<\/strong><br \/>\n&#8211; Sujetar el <span style=\"text-decoration: underline;\">Blister<\/span> al fondo de hormig\u00f3n del cub\u00edculo mediante 13 tornillos de expansi\u00f3n \u00d8 8 mm x 120 mm;<br \/>\n&#8211; Llenar el <span style=\"text-decoration: underline;\">Blister<\/span> de arena h\u00fameda y sucia (unos 3 cm m\u00e1s all\u00e1 del borde superior del colch\u00f3n, ya que en pocos d\u00edas el peso del animal ejercer\u00e1 una presi\u00f3n suficiente para que la arena alcance el nivel de la superficie del colch\u00f3n);<br \/>\n&#8211; Cubrir el <span style=\"text-decoration: underline;\">Blister<\/span> con una capa de 5 cm de material como paja picada, paja de pellets o arena adicional;<br \/>\nluego el criador debe seguir cuidando los cub\u00edculos. Aunque despu\u00e9s de la primera semana de adaptaci\u00f3n la arena es compacta y bien comprimida en las c\u00e9lulas del <em>sand saver<\/em>, y ya no es necesario a\u00f1adir m\u00e1s arena, sin embargo, es necesario renovar la capa superficial de paja o arena aproximadamente cada 8 o 10 d\u00edas.<\/p>\n<p>[\/et_pb_text][\/et_pb_column][et_pb_column type=&#8221;1_2&#8243;][et_pb_text admin_label=&#8221;tabella&#8221; background_layout=&#8221;light&#8221; text_orientation=&#8221;left&#8221; use_border_color=&#8221;off&#8221; border_color=&#8221;#ffffff&#8221; border_style=&#8221;solid&#8221;]<\/p>\n<table cellspacing=\"0\" cellpadding=\"0\">\n<tbody>\n<tr>\n<td valign=\"top\"><span style=\"color: #000000; font-family: Helvetica; font-size: small;\">peso <\/span><\/td>\n<td valign=\"top\">\n<p align=\"right\"><span style=\"color: #000000; font-family: Helvetica; font-size: small;\">50<\/span><\/p>\n<\/td>\n<td valign=\"top\"><span style=\"color: #000000; font-family: Helvetica; font-size: small;\">kg <\/span><\/td>\n<\/tr>\n<tr>\n<td valign=\"top\"><span style=\"color: #000000; font-family: Helvetica; font-size: small;\">espesor<\/span><\/td>\n<td valign=\"top\">\n<p align=\"right\"><span style=\"color: #000000; font-family: Helvetica; font-size: small;\">2,2<\/span><\/p>\n<\/td>\n<td valign=\"top\"><span style=\"color: #000000; font-family: Helvetica; font-size: small;\">cm <\/span><\/td>\n<\/tr>\n<tr>\n<td valign=\"top\"><span style=\"color: #000000; font-family: Helvetica; font-size: small;\">altura<\/span><\/td>\n<td valign=\"top\">\n<p align=\"right\"><span style=\"color: #000000; font-family: Helvetica; font-size: small;\">11<\/span><\/p>\n<\/td>\n<td valign=\"top\"><span style=\"color: #000000; font-family: Helvetica; font-size: small;\">cm <\/span><\/td>\n<\/tr>\n<tr>\n<td valign=\"top\"><span style=\"color: #000000; font-family: Helvetica; font-size: small;\">anchura<\/span><\/td>\n<td valign=\"top\">\n<p align=\"right\"><span style=\"color: #000000; font-family: Helvetica; font-size: small;\">113<\/span><\/p>\n<\/td>\n<td valign=\"top\"><span style=\"color: #000000; font-family: Helvetica; font-size: small;\">cm <\/span><\/td>\n<\/tr>\n<tr>\n<td valign=\"top\"><span style=\"color: #000000; font-family: Helvetica; font-size: small;\">longitud<\/span><\/td>\n<td valign=\"top\">\n<p align=\"right\"><span style=\"color: #000000; font-family: Helvetica; font-size: small;\">153<\/span><\/p>\n<\/td>\n<td valign=\"top\"><span style=\"color: #000000; font-family: Helvetica; font-size: small;\">cm <\/span><\/td>\n<\/tr>\n<tr>\n<td valign=\"top\"><span style=\"color: #000000; font-family: Helvetica; font-size: small;\">temperatura operativa<\/span><\/td>\n<td valign=\"top\">\n<p align=\"right\"><span style=\"color: #000000; font-family: Helvetica; font-size: small;\">-85 +105<\/span><\/p>\n<\/td>\n<td valign=\"top\"><span style=\"color: #000000; font-family: Helvetica; font-size: small;\">\u00b0C <\/span><\/td>\n<\/tr>\n<tr>\n<td valign=\"top\"><\/td>\n<td valign=\"top\"><\/td>\n<td valign=\"top\"><\/td>\n<\/tr>\n<\/tbody>\n<\/table>\n<p>[\/et_pb_text][et_pb_text admin_label=&#8221;links download&#8221; background_layout=&#8221;light&#8221; text_orientation=&#8221;left&#8221; use_border_color=&#8221;off&#8221; border_color=&#8221;#ffffff&#8221; border_style=&#8221;solid&#8221;]<\/p>\n<p><a href=\"http:\/\/www.newfarms.it\/wp-content\/uploads\/2016\/10\/montaggio-blister-13-fori-SPAGNOLO.pdf\" target=\"_blank\">Diagrama de montaje del Blister<\/a><\/p>\n<p>[\/et_pb_text][et_pb_image admin_label=&#8221;Immagine&#8221; src=&#8221;http:\/\/www.newfarms.it\/wp-content\/uploads\/2014\/02\/Heig.2.jpg&#8221; show_in_lightbox=&#8221;off&#8221; url_new_window=&#8221;off&#8221; use_overlay=&#8221;off&#8221; animation=&#8221;right&#8221; sticky=&#8221;off&#8221; align=&#8221;left&#8221; force_fullwidth=&#8221;off&#8221; always_center_on_mobile=&#8221;on&#8221; use_border_color=&#8221;off&#8221; border_color=&#8221;#ffffff&#8221; border_style=&#8221;solid&#8221;] [\/et_pb_image][\/et_pb_column][\/et_pb_row][et_pb_row admin_label=&#8221;Riga&#8221;][et_pb_column type=&#8221;4_4&#8243;][et_pb_text admin_label=&#8221;Testo&#8221; background_layout=&#8221;light&#8221; text_orientation=&#8221;left&#8221; use_border_color=&#8221;off&#8221; border_color=&#8221;#ffffff&#8221; border_style=&#8221;solid&#8221;]<\/p>\n<p style=\"text-align: justify;\"><strong>Aclaraci\u00f3n sobre la fijaci\u00f3n del producto<\/strong><br \/>\nSe recomienda fijar cada pieza en adherencia a la siguiente a partir de la pared del primer cub\u00edculo. Y esto para aliviar la tensi\u00f3n en los tornillos de expansi\u00f3n.<br \/>\nTambi\u00e9n es importante instalar el <em>sand saver<\/em> a una distancia de aproximadamente 8 cm del bordillo trasero del cub\u00edculo. Y esto para que el animal no sobrecargue excesivamente la parte delantera del colch\u00f3n al doblar sus piernas delanteras para tumbarse.<\/p>\n<p>[\/et_pb_text][\/et_pb_column][\/et_pb_row][et_pb_row admin_label=&#8221;Riga&#8221;][et_pb_column type=&#8221;4_4&#8243;][et_pb_text admin_label=&#8221;snooker&#8221; background_layout=&#8221;light&#8221; text_orientation=&#8221;left&#8221; use_border_color=&#8221;off&#8221; border_color=&#8221;#ffffff&#8221; border_style=&#8221;solid&#8221;]<\/p>\n<h2 style=\"text-align: center;\"><strong>Snooker<\/strong><\/h2>\n<p>[\/et_pb_text][\/et_pb_column][\/et_pb_row][et_pb_row admin_label=&#8221;Riga&#8221;][et_pb_column type=&#8221;1_2&#8243;][et_pb_image admin_label=&#8221;Immagine&#8221; src=&#8221;http:\/\/www.newfarms.it\/wp-content\/uploads\/2016\/08\/P1010863.JPG-02.jpg&#8221; show_in_lightbox=&#8221;off&#8221; url_new_window=&#8221;off&#8221; use_overlay=&#8221;off&#8221; animation=&#8221;top&#8221; sticky=&#8221;off&#8221; align=&#8221;left&#8221; force_fullwidth=&#8221;off&#8221; always_center_on_mobile=&#8221;on&#8221; use_border_color=&#8221;off&#8221; border_color=&#8221;#ffffff&#8221; border_style=&#8221;solid&#8221;] [\/et_pb_image][\/et_pb_column][et_pb_column type=&#8221;1_2&#8243;][et_pb_text admin_label=&#8221;Testo&#8221; background_layout=&#8221;light&#8221; text_orientation=&#8221;left&#8221; use_border_color=&#8221;off&#8221; border_color=&#8221;#ffffff&#8221; border_style=&#8221;solid&#8221;]<\/p>\n<p style=\"text-align: justify;\">New Farms ha lanzado <span style=\"text-decoration: underline;\">Snooker<\/span> en el mercado: el <em>sand saver<\/em> para cub\u00edculos planos.<br \/>\n<span style=\"text-decoration: underline;\">Snooker<\/span> mantiene sin cambios las caracter\u00edsticas y la calidad del sistema <span style=\"text-decoration: underline;\">Blister<\/span>.<\/p>\n<p style=\"text-align: justify;\"><strong>INSTALACI\u00d3N<\/strong><br \/>\n&#8211; Sujetar el <span style=\"text-decoration: underline;\">Snooker<\/span> al fondo de hormig\u00f3n del cub\u00edculo mediante 14 tornillos de expansi\u00f3n \u00d8 8 mm x 120 mm;<br \/>\n&#8211; Llenar el <span style=\"text-decoration: underline;\">Snooker<\/span> de arena h\u00fameda y sucia (unos 3 cm m\u00e1s all\u00e1 del borde superior del colch\u00f3n, ya que en pocos d\u00edas el peso del animal ejercer\u00e1 una presi\u00f3n suficiente para que la arena alcance el nivel de la superficie del colch\u00f3n);<br \/>\n&#8211; Cubrir el <span style=\"text-decoration: underline;\">Snooker<\/span> con una capa de 5 cm de material como paja picada, paja de pellets o arena adicional;<br \/>\nluego el criador debe seguir cuidando los cub\u00edculos. Aunque despu\u00e9s de la primera semana de adaptaci\u00f3n la arena es compacta y bien comprimida en las c\u00e9lulas del <em>sand saver<\/em>, y ya no es necesario a\u00f1adir m\u00e1s arena, sin embargo, es necesario renovar la capa superficial de paja o arena aproximadamente cada 8 o 10 d\u00edas.<\/p>\n<p>[\/et_pb_text][\/et_pb_column][\/et_pb_row][et_pb_row admin_label=&#8221;Riga&#8221;][et_pb_column type=&#8221;4_4&#8243;][et_pb_text admin_label=&#8221;Testo&#8221; background_layout=&#8221;light&#8221; text_orientation=&#8221;left&#8221; use_border_color=&#8221;off&#8221; border_color=&#8221;#ffffff&#8221; border_style=&#8221;solid&#8221;]<\/p>\n<p style=\"text-align: justify;\"><strong>BENEFICIOS DADOS POR NUESTROS PRODUCTOS<\/strong><\/p>\n<ul>\n<li style=\"text-align: justify;\">No abrasiones ni heridas en los corvejones;<\/li>\n<li style=\"text-align: justify;\">Reducci\u00f3n notable de las reposiciones de arena en el cub\u00edculo;<\/li>\n<li style=\"text-align: justify;\">Desaparici\u00f3n de hundimientos o agujeros en el cub\u00edculo. Los animales pueden acostarse sobre una superficie plana que favorece el descanso y la rumia;<\/li>\n<li style=\"text-align: justify;\">Tiempo de descanso aumentado en el cub\u00edculo, especialmente en verano;<\/li>\n<li style=\"text-align: justify;\">Menores costes farmacol\u00f3gicos debido a menores da\u00f1os o lesiones en los corvejones;<\/li>\n<li style=\"text-align: justify;\">Reducci\u00f3n de mastitis y por lo tanto menos c\u00e9lulas som\u00e1ticas en la leche;<\/li>\n<li style=\"text-align: justify;\">Animales limpios;<\/li>\n<\/ul>\n<p>[\/et_pb_text][\/et_pb_column][\/et_pb_row][et_pb_row admin_label=&#8221;Riga&#8221;][et_pb_column type=&#8221;4_4&#8243;][et_pb_text admin_label=&#8221;Testo&#8221; background_layout=&#8221;light&#8221; text_orientation=&#8221;left&#8221; use_border_color=&#8221;off&#8221; border_color=&#8221;#ffffff&#8221; border_style=&#8221;solid&#8221;]<\/p>\n<p style=\"text-align: center;\"><strong>GARANT\u00cdA<\/strong><\/p>\n<p>Los productos New Farms est\u00e1n garantizados por un periodo de 3 a\u00f1os.<\/p>\n<p>La garant\u00eda s\u00f3lo es v\u00e1lida si la instalaci\u00f3n se realiza correctamente, o sea, sujetando los colchones a un fondo de hormig\u00f3n seg\u00fan el diagrama de montaje adjunto a la entrega del producto.<\/p>\n<p>[\/et_pb_text][\/et_pb_column][\/et_pb_row][et_pb_row admin_label=&#8221;Riga&#8221;][et_pb_column type=&#8221;4_4&#8243;][et_pb_gallery admin_label=&#8221;Galleria&#8221; gallery_ids=&#8221;13084,13076,12828,12832,13285,13337,13333,13329&#8243; fullwidth=&#8221;off&#8221; posts_number=&#8221;20&#8243; show_title_and_caption=&#8221;on&#8221; show_pagination=&#8221;off&#8221; background_layout=&#8221;light&#8221; auto=&#8221;off&#8221; hover_overlay_color=&#8221;rgba(255,255,255,0.9)&#8221; caption_all_caps=&#8221;off&#8221; use_border_color=&#8221;off&#8221; border_color=&#8221;#ffffff&#8221; border_style=&#8221;solid&#8221;] [\/et_pb_gallery][\/et_pb_column][\/et_pb_row][\/et_pb_section]<\/p>\n","protected":false},"excerpt":{"rendered":"<p>Blister Los tradicionales colchones para vacas (hechos de caucho, tela, o similares) a menudo causan abrasiones, traumas o lesiones a la piel de los animales. Sin embargo, tales obst\u00e1culos para el bienestar del ganado se pueden superar mediante el empleo de la arena en el cub\u00edculo: de esta manera la proliferaci\u00f3n de microbios se previene [&hellip;]<\/p>\n","protected":false},"author":1,"featured_media":0,"parent":0,"menu_order":0,"comment_status":"closed","ping_status":"closed","template":"","meta":{"_et_pb_use_builder":"on","_et_pb_old_content":"","_et_gb_content_width":"","jetpack_post_was_ever_published":false,"footnotes":""},"class_list":["post-13097","page","type-page","status-publish","hentry"],"jetpack_sharing_enabled":true,"jetpack_shortlink":"https:\/\/wp.me\/P8bcOk-3pf","_links":{"self":[{"href":"https:\/\/www.newfarms.it\/index.php?rest_route=\/wp\/v2\/pages\/13097","targetHints":{"allow":["GET"]}}],"collection":[{"href":"https:\/\/www.newfarms.it\/index.php?rest_route=\/wp\/v2\/pages"}],"about":[{"href":"https:\/\/www.newfarms.it\/index.php?rest_route=\/wp\/v2\/types\/page"}],"author":[{"embeddable":true,"href":"https:\/\/www.newfarms.it\/index.php?rest_route=\/wp\/v2\/users\/1"}],"replies":[{"embeddable":true,"href":"https:\/\/www.newfarms.it\/index.php?rest_route=%2Fwp%2Fv2%2Fcomments&post=13097"}],"version-history":[{"count":13,"href":"https:\/\/www.newfarms.it\/index.php?rest_route=\/wp\/v2\/pages\/13097\/revisions"}],"predecessor-version":[{"id":13564,"href":"https:\/\/www.newfarms.it\/index.php?rest_route=\/wp\/v2\/pages\/13097\/revisions\/13564"}],"wp:attachment":[{"href":"https:\/\/www.newfarms.it\/index.php?rest_route=%2Fwp%2Fv2%2Fmedia&parent=13097"}],"curies":[{"name":"wp","href":"https:\/\/api.w.org\/{rel}","templated":true}]}}